{"id":78,"date":"2018-08-14T10:57:53","date_gmt":"2018-08-14T08:57:53","guid":{"rendered":"https:\/\/www.arbeitsrecht-aktuell.ch\/?page_id=78"},"modified":"2023-04-25T07:53:55","modified_gmt":"2023-04-25T05:53:55","slug":"person","status":"publish","type":"page","link":"https:\/\/www.arbeitsrecht-aktuell.ch\/de\/person\/","title":{"rendered":"Person"},"content":{"rendered":"<p>[et_pb_section fb_built=&#8220;1&#8243; admin_label=&#8220;Page Title Section&#8220; _builder_version=&#8220;3.22&#8243; background_color_gradient_direction=&#8220;115deg&#8220; background_image=&#8220;https:\/\/www.arbeitsrecht-aktuell.ch\/wp-content\/uploads\/2018\/08\/Arbeitsvertrag.jpg&#8220; custom_padding=&#8220;151px||0px||false|false&#8220;][et_pb_row _builder_version=&#8220;3.25&#8243; background_color=&#8220;#383e59&#8243; background_size=&#8220;initial&#8220; background_position=&#8220;top_left&#8220; background_repeat=&#8220;repeat&#8220; max_width=&#8220;960px&#8220; custom_margin=&#8220;|||0px&#8220; custom_padding=&#8220;27px|40px||10%&#8220; animation_style=&#8220;slide&#8220; animation_direction=&#8220;left&#8220; animation_intensity_slide=&#8220;2%&#8220; border_radii=&#8220;||6px|6px|&#8220; border_width_right=&#8220;30px&#8220; border_color_right=&#8220;#bdada0&#8243; use_custom_width=&#8220;on&#8220; custom_width_px=&#8220;960px&#8220; locked=&#8220;off&#8220;][et_pb_column type=&#8220;4_4&#8243; _builder_version=&#8220;3.25&#8243; custom_padding=&#8220;|||&#8220; custom_padding_tablet=&#8220;|||10%&#8220; custom_padding_last_edited=&#8220;off|desktop&#8220; padding_tablet=&#8220;|||10%&#8220; padding_last_edited=&#8220;off|desktop&#8220; custom_padding__hover=&#8220;|||&#8220;][et_pb_text admin_label=&#8220;Title&#8220; _builder_version=&#8220;3.27.4&#8243; text_font=&#8220;||||||||&#8220; header_font=&#8220;Abhaya Libre|700|||||||&#8220; header_font_size=&#8220;70px&#8220; header_line_height=&#8220;1.2em&#8220; header_2_font=&#8220;||||||||&#8220; header_4_font=&#8220;||||||||&#8220; background_layout=&#8220;dark&#8220; custom_margin=&#8220;|||&#8220; custom_padding=&#8220;|||&#8220; text_font_size_tablet=&#8220;&#8220; text_font_size_phone=&#8220;&#8220; text_font_size_last_edited=&#8220;on|phone&#8220; header_font_size_tablet=&#8220;40px&#8220; header_font_size_phone=&#8220;26px&#8220; header_font_size_last_edited=&#8220;on|phone&#8220; header_2_font_size_tablet=&#8220;&#8220; header_2_font_size_phone=&#8220;13px&#8220; header_2_font_size_last_edited=&#8220;on|phone&#8220;]<\/p>\n<h1>Arbeitsrecht Aktuell<\/h1>\n<h2>Aktuelle Themen und Entscheide von Ihrem Anwalt f\u00fcr Arbeitsrecht<\/h2>\n<p>[\/et_pb_text][\/et_pb_column][\/et_pb_row][\/et_pb_section][et_pb_section fb_built=&#8220;1&#8243; custom_padding_last_edited=&#8220;on|tablet&#8220; admin_label=&#8220;About Me&#8220; _builder_version=&#8220;3.22&#8243; custom_padding=&#8220;40px|0px|0|0px|false|false&#8220; custom_padding_tablet=&#8220;10px|||&#8220; custom_padding_phone=&#8220;0px|||&#8220;][et_pb_row use_custom_gutter=&#8220;on&#8220; padding_top_bottom_link_2=&#8220;true&#8220; padding_left_right_link_2=&#8220;true&#8220; _builder_version=&#8220;3.25&#8243; max_width=&#8220;80%&#8220; custom_margin=&#8220;|0px||&#8220; custom_margin_tablet=&#8220;|10%||10%||true&#8220; custom_margin_phone=&#8220;&#8220; custom_margin_last_edited=&#8220;on|tablet&#8220; custom_padding=&#8220;100px|0px|0|0px|false|false&#8220; use_custom_width=&#8220;on&#8220; width_unit=&#8220;off&#8220; column_structure=&#8220;1_4,3_4&#8243;][et_pb_column type=&#8220;1_4&#8243; _builder_version=&#8220;3.25&#8243; custom_padding=&#8220;|||&#8220; custom_padding__hover=&#8220;|||&#8220;][et_pb_image src=&#8220;https:\/\/www.arbeitsrecht-aktuell.ch\/wp-content\/uploads\/2018\/08\/Nicolas_Facincani.jpg&#8220; align_tablet=&#8220;center&#8220; align_last_edited=&#8220;on|desktop&#8220; _builder_version=&#8220;3.23&#8243; custom_margin=&#8220;-60px|-50%||&#8220; custom_margin_tablet=&#8220;|0%||&#8220; custom_margin_phone=&#8220;&#8220; custom_margin_last_edited=&#8220;on|tablet&#8220; animation_style=&#8220;slide&#8220; animation_direction=&#8220;right&#8220; animation_intensity_slide=&#8220;5%&#8220;][\/et_pb_image][\/et_pb_column][et_pb_column type=&#8220;3_4&#8243; _builder_version=&#8220;3.25&#8243; background_color=&#8220;#f7f9fc&#8220; custom_padding=&#8220;40px|60px|40px|60px&#8220; custom_padding_phone=&#8220;|40px||40px||true&#8220; custom_padding_last_edited=&#8220;on|phone&#8220; padding_phone=&#8220;|40px||40px||true&#8220; padding_last_edited=&#8220;on|phone&#8220; custom_padding__hover=&#8220;|||&#8220;][et_pb_text _builder_version=&#8220;4.9.2&#8243; text_font=&#8220;||||||||&#8220; text_font_size=&#8220;16px&#8220; text_line_height=&#8220;2em&#8220; header_font=&#8220;||||||||&#8220; header_2_font=&#8220;Montserrat|300|||||||&#8220; header_2_font_size=&#8220;40px&#8220; header_2_line_height=&#8220;1.4em&#8220; header_5_font=&#8220;||||||||&#8220; header_5_text_color=&#8220;#7f8dff&#8220; header_5_line_height=&#8220;2em&#8220; max_width=&#8220;700px&#8220; hover_enabled=&#8220;0&#8243; text_font_size_tablet=&#8220;&#8220; text_font_size_phone=&#8220;13px&#8220; text_font_size_last_edited=&#8220;on|phone&#8220; header_2_font_size_tablet=&#8220;&#8220; header_2_font_size_phone=&#8220;30px&#8220; header_2_font_size_last_edited=&#8220;on|phone&#8220; locked=&#8220;off&#8220; sticky_enabled=&#8220;0&#8243;]<\/p>\n<h2>Nicolas Facincani<\/h2>\n<h4>Lic. iur., Rechtsanwalt, LL.M.<\/h4>\n<p>Nicolas Facincani ist Partner der Anwaltskanzlei <a href=\"http:\/\/www.vfs-partner.ch\/index.php\/de\/\" target=\"_blank\" rel=\"noopener noreferrer\">Voillat Facincani Sutter + Partner<\/a>.<\/p>\n<p>Er\u00a0\u00a0verf\u00fcgt \u00fcber langj\u00e4hrige Praxiserfahrung in allen Fragen des Arbeitsrechts.\u00a0Er ber\u00e4t Arbeitgeber und Arbeitnehmer und vertritt diese in Gerichtsprozessen, insbesondere im Bereich Verg\u00fctung und Bonus und im Zusammenhang mit K\u00fcndigungen.<\/p>\n<p>Er begleitet zudem regelm\u00e4ssig Unternehmen in s\u00e4mtlichen arbeitsrechtlichen Aspekten von Reorganisationen oder Transaktionen, namentlich bei Massenentlassungen und Betriebs\u00fcberg\u00e4ngen.<\/p>\n<p>Zudem ber\u00e4t und vertritt er seine Klienten\u00a0 im Bereich des Banken-, Gesellschafts- und Handelsrechts sowie des Wirtschaftsstrafrechts. Er verf\u00fcgt \u00fcber weitreichende Erfahrung in den Bereichen Mergers &amp; Acquisitions, Private Equity, Venture Capital und Unternehmensfinanzierungen. Er f\u00fchrt nationale und internationale Prozesse vor staatlichen Gerichten sowie vor Schiedsgerichten. Er ist zudem als Dozent an Weiterbildungsinstituten, insbesondere im Bereich des Arbeitsrechts, t\u00e4tig.<\/p>\n<p>Nicolas Facincani publiziert regelm\u00e4ssig in seinen Rechtsgebieten. Dabei hat er unter anderem auch ein Standardlehrmittel im Arbeitsrecht f\u00fcr Personalfachleute verfasst, welches bereits in der 2. Auflage erschienen ist.<\/p>\n<p><a href=\"https:\/\/www.arbeitsrecht-aktuell.ch\/de\/kontakt\/\">Kontakt<\/a>: Tel.: +41 (0) 44 206 20 21; E-Mail: facincani@vfs-partner.ch<\/p>\n<p>[\/et_pb_text][\/et_pb_column][\/et_pb_row][\/et_pb_section][et_pb_section fb_built=&#8220;1&#8243; admin_label=&#8220;My Experience&#8220; _builder_version=&#8220;3.22&#8243; custom_padding=&#8220;0|0px|54px|0px|false|false&#8220;][et_pb_row _builder_version=&#8220;3.25&#8243; custom_padding=&#8220;27px|0px|21px|0px|false|false&#8220; column_structure=&#8220;1_2,1_2&#8243;][et_pb_column type=&#8220;1_2&#8243; _builder_version=&#8220;3.25&#8243; custom_padding=&#8220;|||&#8220; custom_padding_tablet=&#8220;0px|||&#8220; custom_padding_last_edited=&#8220;off|desktop&#8220; padding_tablet=&#8220;0px|||&#8220; padding_last_edited=&#8220;off|desktop&#8220; custom_padding__hover=&#8220;|||&#8220;][et_pb_text ul_position=&#8220;inside&#8220; _builder_version=&#8220;3.27.4&#8243; text_font=&#8220;||||||||&#8220; text_font_size=&#8220;16px&#8220; text_line_height=&#8220;2em&#8220; ul_font=&#8220;||||||||&#8220; ul_line_height=&#8220;2em&#8220; ol_font=&#8220;||||||||&#8220; header_font=&#8220;||||||||&#8220; header_2_font=&#8220;||||||||&#8220; header_3_font=&#8220;Montserrat||||||||&#8220; header_3_line_height=&#8220;1.4em&#8220; header_4_font=&#8220;Montserrat||||||||&#8220; header_4_line_height=&#8220;1.8em&#8220; header_5_font=&#8220;||||||||&#8220; header_5_text_color=&#8220;#7f8dff&#8220; header_5_line_height=&#8220;2em&#8220; max_width=&#8220;700px&#8220; header_2_font_size_phone=&#8220;30px&#8220; header_2_font_size_last_edited=&#8220;off|desktop&#8220; locked=&#8220;off&#8220;]<\/p>\n<h4>Ausbildung<\/h4>\n<ul>\n<li>CAS in Banken-, Kapitalmarkt- und Versicherungsrecht an der\u00a0 \u00a0 \u00a0 \u00a0 \u00a0Universit\u00e4t Z\u00fcrich (2012)<\/li>\n<li>LL.M. am King&#8217;s College London (2007)<\/li>\n<li>Anwaltspatent (2005)<\/li>\n<li>Lic. iur. an der Universit\u00e4t Z\u00fcrich (2002)<\/li>\n<\/ul>\n<p>[\/et_pb_text][et_pb_text ul_position=&#8220;inside&#8220; _builder_version=&#8220;3.27.4&#8243; text_font=&#8220;||||||||&#8220; text_font_size=&#8220;16px&#8220; text_line_height=&#8220;2em&#8220; ul_font=&#8220;||||||||&#8220; ul_line_height=&#8220;2em&#8220; ol_font=&#8220;||||||||&#8220; header_font=&#8220;||||||||&#8220; header_2_font=&#8220;||||||||&#8220; header_3_font=&#8220;Montserrat||||||||&#8220; header_3_line_height=&#8220;1.4em&#8220; header_4_font=&#8220;Montserrat||||||||&#8220; header_4_line_height=&#8220;1.8em&#8220; header_5_font=&#8220;||||||||&#8220; header_5_text_color=&#8220;#7f8dff&#8220; header_5_line_height=&#8220;2em&#8220; max_width=&#8220;700px&#8220; custom_margin=&#8220;-30px|||&#8220; header_2_font_size_phone=&#8220;30px&#8220; header_2_font_size_last_edited=&#8220;off|desktop&#8220; locked=&#8220;off&#8220;]<\/p>\n<h4>T\u00e4tigkeiten<\/h4>\n<ul>\n<li>Partner der Anwaltskanzlei Voillat Facincani Sutter + Partner<\/li>\n<li>Partner bei der Consulta AG<\/li>\n<li>Dozent an der NbW<\/li>\n<li>Rechtskonsulent beim Hauseigent\u00fcmerverband<\/li>\n<li>Herausgeber des Newsletters &#8222;Treuhand kompakt&#8220;<\/li>\n<li>Fachreferent bei Treuhand | Suisse<\/li>\n<\/ul>\n<p>[\/et_pb_text][\/et_pb_column][et_pb_column type=&#8220;1_2&#8243; _builder_version=&#8220;3.25&#8243; custom_padding=&#8220;|||&#8220; custom_padding_tablet=&#8220;0px|||&#8220; custom_padding_last_edited=&#8220;off|desktop&#8220; padding_tablet=&#8220;0px|||&#8220; padding_last_edited=&#8220;off|desktop&#8220; custom_padding__hover=&#8220;|||&#8220;][et_pb_text ul_position=&#8220;inside&#8220; _builder_version=&#8220;3.27.4&#8243; text_font=&#8220;||||||||&#8220; text_font_size=&#8220;16px&#8220; text_line_height=&#8220;2em&#8220; ul_font=&#8220;||||||||&#8220; ul_line_height=&#8220;2em&#8220; ol_font=&#8220;||||||||&#8220; header_font=&#8220;||||||||&#8220; header_2_font=&#8220;||||||||&#8220; header_3_font=&#8220;Montserrat||||||||&#8220; header_3_line_height=&#8220;1.4em&#8220; header_4_font=&#8220;Montserrat||||||||&#8220; header_4_line_height=&#8220;1.8em&#8220; header_5_font=&#8220;||||||||&#8220; header_5_text_color=&#8220;#7f8dff&#8220; header_5_line_height=&#8220;2em&#8220; max_width=&#8220;700px&#8220; header_2_font_size_phone=&#8220;30px&#8220; header_2_font_size_last_edited=&#8220;off|desktop&#8220; locked=&#8220;off&#8220;]<\/p>\n<h4>Arbeitssprachen<\/h4>\n<ul>\n<li>Deutsch<\/li>\n<li>Franz\u00f6sisch<\/li>\n<li>Englisch<\/li>\n<\/ul>\n<p>[\/et_pb_text][et_pb_text ul_position=&#8220;inside&#8220; _builder_version=&#8220;3.27.4&#8243; text_font=&#8220;||||||||&#8220; text_font_size=&#8220;16px&#8220; text_line_height=&#8220;2em&#8220; ul_font=&#8220;||||||||&#8220; ul_line_height=&#8220;2em&#8220; ol_font=&#8220;||||||||&#8220; header_font=&#8220;||||||||&#8220; header_2_font=&#8220;||||||||&#8220; header_3_font=&#8220;Montserrat||||||||&#8220; header_3_line_height=&#8220;1.4em&#8220; header_4_font=&#8220;Montserrat||||||||&#8220; header_4_line_height=&#8220;1.8em&#8220; header_5_font=&#8220;||||||||&#8220; header_5_text_color=&#8220;#7f8dff&#8220; header_5_line_height=&#8220;2em&#8220; max_width=&#8220;700px&#8220; header_2_font_size_phone=&#8220;30px&#8220; header_2_font_size_last_edited=&#8220;off|desktop&#8220; locked=&#8220;off&#8220;]<\/p>\n<h4>T\u00e4tigkeiten im Arbeitsrecht<\/h4>\n<ul>\n<li>Arbeitsrechtliche Forderungen<\/li>\n<li>Arbeitsvertr\u00e4ge<\/li>\n<li>K\u00fcndigungen \/ Beendigung<\/li>\n<li>Reglemente \/ Weisungen<\/li>\n<li>Lohn \/ Bonus \/ Verg\u00fctung<\/li>\n<li>\u00dcberstunden \/ Arbeitszeit<\/li>\n<li>Mobbing \/ Bossing<\/li>\n<li>Konkurrenzverbote<\/li>\n<li>Zeugnisse<\/li>\n<li>Gleichstellung \/ Diskriminierung<\/li>\n<li>Massenentlassungen<\/li>\n<\/ul>\n<p>[\/et_pb_text][et_pb_text ul_position=&#8220;inside&#8220; _builder_version=&#8220;3.27.4&#8243; text_font=&#8220;||||||||&#8220; text_font_size=&#8220;16px&#8220; text_line_height=&#8220;2em&#8220; ul_font=&#8220;||||||||&#8220; ul_line_height=&#8220;2em&#8220; ol_font=&#8220;||||||||&#8220; header_font=&#8220;||||||||&#8220; header_2_font=&#8220;||||||||&#8220; header_3_font=&#8220;Montserrat||||||||&#8220; header_3_line_height=&#8220;1.4em&#8220; header_4_font=&#8220;Montserrat||||||||&#8220; header_4_line_height=&#8220;1.8em&#8220; header_5_font=&#8220;||||||||&#8220; header_5_text_color=&#8220;#7f8dff&#8220; header_5_line_height=&#8220;2em&#8220; max_width=&#8220;700px&#8220; header_2_font_size_phone=&#8220;30px&#8220; header_2_font_size_last_edited=&#8220;off|desktop&#8220; locked=&#8220;off&#8220;][\/et_pb_text][\/et_pb_column][\/et_pb_row][\/et_pb_section]<\/p>\n","protected":false},"excerpt":{"rendered":"<p>Arbeitsrecht Aktuell Aktuelle Themen und Entscheide von Ihrem Anwalt f\u00fcr Arbeitsrecht Nicolas Facincani Lic. iur., Rechtsanwalt, LL.M. Nicolas Facincani ist Partner der Anwaltskanzlei Voillat Facincani Sutter + Partner. Er\u00a0\u00a0verf\u00fcgt \u00fcber langj\u00e4hrige Praxiserfahrung in allen Fragen des Arbeitsrechts.\u00a0Er ber\u00e4t Arbeitgeber und Arbeitnehmer und vertritt diese in Gerichtsprozessen, insbesondere im Bereich Verg\u00fctung und Bonus und im Zusammenhang [&hellip;]<\/p>\n","protected":false},"author":1,"featured_media":0,"parent":0,"menu_order":0,"comment_status":"closed","ping_status":"closed","template":"","meta":{"_et_pb_use_builder":"on","_et_pb_old_content":"","_et_gb_content_width":"","footnotes":""},"class_list":["post-78","page","type-page","status-publish","hentry"],"_links":{"self":[{"href":"https:\/\/www.arbeitsrecht-aktuell.ch\/de\/wp-json\/wp\/v2\/pages\/78","targetHints":{"allow":["GET"]}}],"collection":[{"href":"https:\/\/www.arbeitsrecht-aktuell.ch\/de\/wp-json\/wp\/v2\/pages"}],"about":[{"href":"https:\/\/www.arbeitsrecht-aktuell.ch\/de\/wp-json\/wp\/v2\/types\/page"}],"author":[{"embeddable":true,"href":"https:\/\/www.arbeitsrecht-aktuell.ch\/de\/wp-json\/wp\/v2\/users\/1"}],"replies":[{"embeddable":true,"href":"https:\/\/www.arbeitsrecht-aktuell.ch\/de\/wp-json\/wp\/v2\/comments?post=78"}],"version-history":[{"count":26,"href":"https:\/\/www.arbeitsrecht-aktuell.ch\/de\/wp-json\/wp\/v2\/pages\/78\/revisions"}],"predecessor-version":[{"id":3970,"href":"https:\/\/www.arbeitsrecht-aktuell.ch\/de\/wp-json\/wp\/v2\/pages\/78\/revisions\/3970"}],"wp:attachment":[{"href":"https:\/\/www.arbeitsrecht-aktuell.ch\/de\/wp-json\/wp\/v2\/media?parent=78"}],"curies":[{"name":"wp","href":"https:\/\/api.w.org\/{rel}","templated":true}]}}